{"id":112,"date":"2022-05-20T18:28:06","date_gmt":"2022-05-20T16:28:06","guid":{"rendered":"http:\/\/infochap.fr\/y2\/?page_id=112"},"modified":"2024-09-17T18:24:51","modified_gmt":"2024-09-17T16:24:51","slug":"les-animateurs","status":"publish","type":"page","link":"http:\/\/infochap.fr\/y2\/index.php\/les-animateurs\/","title":{"rendered":"Les animateurs"},"content":{"rendered":"\n<p>Nous recherchons des animateurs b\u00e9n\u00e9voles pour nos activit\u00e9s. Si cela vous dit, contactez-nous. contact@infochap.fr. <\/p>\n\n\n\n<p>Cette rubrique sera mise \u00e0 jour prochainement.<\/p>\n\n\n\n<p><\/p>\n","protected":false},"excerpt":{"rendered":"<p>Nous recherchons des animateurs b\u00e9n\u00e9voles pour nos activit\u00e9s. Si cela vous dit, contactez-nous. contact@infochap.fr. Cette rubrique sera mise \u00e0 jour prochainement.<\/p>\n","protected":false},"author":1,"featured_media":0,"parent":0,"menu_order":0,"comment_status":"closed","ping_status":"closed","template":"","meta":{"footnotes":""},"class_list":["post-112","page","type-page","status-publish","hentry"],"_links":{"self":[{"href":"http:\/\/infochap.fr\/y2\/index.php\/wp-json\/wp\/v2\/pages\/112","targetHints":{"allow":["GET"]}}],"collection":[{"href":"http:\/\/infochap.fr\/y2\/index.php\/wp-json\/wp\/v2\/pages"}],"about":[{"href":"http:\/\/infochap.fr\/y2\/index.php\/wp-json\/wp\/v2\/types\/page"}],"author":[{"embeddable":true,"href":"http:\/\/infochap.fr\/y2\/index.php\/wp-json\/wp\/v2\/users\/1"}],"replies":[{"embeddable":true,"href":"http:\/\/infochap.fr\/y2\/index.php\/wp-json\/wp\/v2\/comments?post=112"}],"version-history":[{"count":0,"href":"http:\/\/infochap.fr\/y2\/index.php\/wp-json\/wp\/v2\/pages\/112\/revisions"}],"wp:attachment":[{"href":"http:\/\/infochap.fr\/y2\/index.php\/wp-json\/wp\/v2\/media?parent=112"}],"curies":[{"name":"wp","href":"https:\/\/api.w.org\/{rel}","templated":true}]}}