{"id":118,"date":"2022-05-20T18:40:00","date_gmt":"2022-05-20T16:40:00","guid":{"rendered":"http:\/\/infochap.fr\/y2\/?page_id=118"},"modified":"2022-05-20T18:40:00","modified_gmt":"2022-05-20T16:40:00","slug":"plan-dacces","status":"publish","type":"page","link":"http:\/\/infochap.fr\/y2\/index.php\/plan-dacces\/","title":{"rendered":"Plan d&rsquo;acc\u00e8s"},"content":{"rendered":"\n<p>Le club est accessible rue des \u00e9coles \u00e0 La Chapelle saint Ursin.<\/p>\n\n\n\n<p>Cette rubrique sera compl\u00e9t\u00e9e ult\u00e9rieurement.<\/p>\n","protected":false},"excerpt":{"rendered":"<p>Le club est accessible rue des \u00e9coles \u00e0 La Chapelle saint Ursin. Cette rubrique sera compl\u00e9t\u00e9e ult\u00e9rieurement.<\/p>\n","protected":false},"author":1,"featured_media":0,"parent":0,"menu_order":0,"comment_status":"closed","ping_status":"closed","template":"","meta":{"footnotes":""},"class_list":["post-118","page","type-page","status-publish","hentry"],"_links":{"self":[{"href":"http:\/\/infochap.fr\/y2\/index.php\/wp-json\/wp\/v2\/pages\/118","targetHints":{"allow":["GET"]}}],"collection":[{"href":"http:\/\/infochap.fr\/y2\/index.php\/wp-json\/wp\/v2\/pages"}],"about":[{"href":"http:\/\/infochap.fr\/y2\/index.php\/wp-json\/wp\/v2\/types\/page"}],"author":[{"embeddable":true,"href":"http:\/\/infochap.fr\/y2\/index.php\/wp-json\/wp\/v2\/users\/1"}],"replies":[{"embeddable":true,"href":"http:\/\/infochap.fr\/y2\/index.php\/wp-json\/wp\/v2\/comments?post=118"}],"version-history":[{"count":0,"href":"http:\/\/infochap.fr\/y2\/index.php\/wp-json\/wp\/v2\/pages\/118\/revisions"}],"wp:attachment":[{"href":"http:\/\/infochap.fr\/y2\/index.php\/wp-json\/wp\/v2\/media?parent=118"}],"curies":[{"name":"wp","href":"https:\/\/api.w.org\/{rel}","templated":true}]}}